{"id":23021,"date":"2020-07-28T19:06:22","date_gmt":"2020-07-28T17:06:22","guid":{"rendered":"https:\/\/www.coralguardian.org\/triangle-de-corail\/"},"modified":"2024-12-18T21:53:56","modified_gmt":"2024-12-18T20:53:56","slug":"coral-triangle","status":"publish","type":"page","link":"https:\/\/www.coralguardian.org\/en\/coral-triangle\/","title":{"rendered":"The Coral Triangle"},"content":{"rendered":"<div role=\"form\" class=\"wpcf7\" id=\"wpcf7-f22507-p22507-o1\" lang=\"en-US\" dir=\"ltr\"><div><div class=\"wpcf7-form\"><div class=\"fit-the-fullspace\"><div><div class=\"screen-reader-response\"><p role=\"status\" aria-live=\"polite\" aria-atomic=\"true\"><\/p> <ul><\/ul><\/div><form action=\"\/en\/wp-json\/wp\/v2\/pages\/23021#wpcf7-f22507-p22507-o1\" method=\"post\" class=\"wpcf7-form init\" enctype=\"\" autocomplete=\"autocomplete\" novalidate=\"novalidate\" data-status=\"init\" locale=\"en_US\"><div style=\"display: block;\"><input type=\"hidden\" name=\"_wpcf7\" value=\"22507\" \/>\n<input type=\"hidden\" name=\"_wpcf7_version\" value=\"5.8.6\" \/>\n<input type=\"hidden\" name=\"_wpcf7_locale\" value=\"en_US\" \/>\n<input type=\"hidden\" name=\"_wpcf7_unit_tag\" value=\"wpcf7-f22507-p22507-o1\" \/>\n<input type=\"hidden\" name=\"_wpcf7_posted_data_hash\" value=\"\" \/>\n<input type=\"hidden\" name=\"_wpcf7_fit-the-fullspace\" value=\"\" \/>\n<\/div><p><label> Your name<br \/>\n<span class=\"wpcf7-form-control-wrap\" data-name=\"your-name\"><input size=\"40\" class=\"wpcf7-form-control wpcf7-text wpcf7-validates-as-required\" autocomplete=\"name\" aria-required=\"true\" aria-invalid=\"false\" value=\"\" type=\"text\" name=\"your-name\" \/><\/span> <\/label>\n<\/p>\n<p><label> Your email<br \/>\n<span class=\"wpcf7-form-control-wrap\" data-name=\"your-email\"><input size=\"40\" class=\"wpcf7-form-control wpcf7-email wpcf7-validates-as-required wpcf7-text wpcf7-validates-as-email\" autocomplete=\"email\" aria-required=\"true\" aria-invalid=\"false\" value=\"\" type=\"email\" name=\"your-email\" \/><\/span> <\/label>\n<\/p>\n<p><label> Subject<br \/>\n<span class=\"wpcf7-form-control-wrap\" data-name=\"your-subject\"><input size=\"40\" class=\"wpcf7-form-control wpcf7-text wpcf7-validates-as-required\" aria-required=\"true\" aria-invalid=\"false\" value=\"\" type=\"text\" name=\"your-subject\" \/><\/span> <\/label>\n<\/p>\n<p><label> Your message (optional)<br \/>\n<span class=\"wpcf7-form-control-wrap\" data-name=\"your-message\"><textarea cols=\"40\" rows=\"10\" class=\"wpcf7-form-control wpcf7-textarea\" aria-invalid=\"false\" name=\"your-message\"><\/textarea><\/span> <\/label>\n<\/p>\n<p><input class=\"wpcf7-form-control wpcf7-submit has-spinner\" type=\"submit\" value=\"Submit\" \/>\n<\/p><div class=\"wpcf7-response-output\" aria-hidden=\"true\"><\/div><\/form><\/div><\/div><\/div><\/div><\/div>","protected":false},"excerpt":{"rendered":"<p>Your name Your email Subject Your message (optional)<\/p>\n","protected":false},"author":1,"featured_media":21188,"parent":0,"menu_order":0,"comment_status":"closed","ping_status":"closed","template":"index.php","meta":{"_acf_changed":false,"footnotes":""},"acf":[],"yoast_head":"<!-- This site is optimized with the Yoast SEO plugin v21.8 - https:\/\/yoast.com\/wordpress\/plugins\/seo\/ -->\n<title>The Coral Triangle epicenter of biodiversity | Coral Guardian<\/title>\n<meta name=\"description\" content=\"The Coral Triangle is the epicenter of our planet&#039;s marine biodiversity. But today it is under threat. Find out how to take action.\" \/>\n<meta name=\"robots\" content=\"index, follow, max-snippet:-1, max-image-preview:large, max-video-preview:-1\" \/>\n<link rel=\"canonical\" href=\"https:\/\/www.coralguardian.org\/en\/coral-triangle\/\" \/>\n<meta property=\"og:locale\" content=\"en_US\" \/>\n<meta property=\"og:type\" content=\"article\" \/>\n<meta property=\"og:title\" content=\"The Coral Triangle epicenter of biodiversity | Coral Guardian\" \/>\n<meta property=\"og:description\" content=\"The Coral Triangle is the epicenter of our planet&#039;s marine biodiversity. But today it is under threat. Find out how to take action.\" \/>\n<meta property=\"og:url\" content=\"https:\/\/www.coralguardian.org\/en\/coral-triangle\/\" \/>\n<meta property=\"og:site_name\" content=\"Coral Guardian\" \/>\n<meta property=\"article:modified_time\" content=\"2024-12-18T20:53:56+00:00\" \/>\n<meta property=\"og:image\" content=\"https:\/\/www.coralguardian.org\/app\/uploads\/2020\/07\/infographic_coral_triangle_swp_strategic_planning3.jpg\" \/>\n\t<meta property=\"og:image:width\" content=\"305\" \/>\n\t<meta property=\"og:image:height\" content=\"261\" \/>\n\t<meta property=\"og:image:type\" content=\"image\/jpeg\" \/>\n<meta name=\"twitter:card\" content=\"summary_large_image\" \/>\n<meta name=\"twitter:label1\" content=\"Est. reading time\" \/>\n\t<meta name=\"twitter:data1\" content=\"1 minute\" \/>\n<script type=\"application\/ld+json\" class=\"yoast-schema-graph\">{\"@context\":\"https:\/\/schema.org\",\"@graph\":[{\"@type\":\"WebPage\",\"@id\":\"https:\/\/www.coralguardian.org\/en\/coral-triangle\/\",\"url\":\"https:\/\/www.coralguardian.org\/en\/coral-triangle\/\",\"name\":\"The Coral Triangle epicenter of biodiversity | Coral Guardian\",\"isPartOf\":{\"@id\":\"https:\/\/www.coralguardian.org\/#website\"},\"datePublished\":\"2020-07-28T17:06:22+00:00\",\"dateModified\":\"2024-12-18T20:53:56+00:00\",\"description\":\"The Coral Triangle is the epicenter of our planet's marine biodiversity. But today it is under threat. Find out how to take action.\",\"inLanguage\":\"en-US\",\"potentialAction\":[{\"@type\":\"ReadAction\",\"target\":[\"https:\/\/www.coralguardian.org\/en\/coral-triangle\/\"]}]},{\"@type\":\"WebSite\",\"@id\":\"https:\/\/www.coralguardian.org\/#website\",\"url\":\"https:\/\/www.coralguardian.org\/\",\"name\":\"Coral Guardian\",\"description\":\"Pr\u00e9server les \u00e9cosyst\u00e8mes coralliens et les communaut\u00e9s qui en d\u00e9pendent.\",\"potentialAction\":[{\"@type\":\"SearchAction\",\"target\":{\"@type\":\"EntryPoint\",\"urlTemplate\":\"https:\/\/www.coralguardian.org\/?s={search_term_string}\"},\"query-input\":\"required name=search_term_string\"}],\"inLanguage\":\"en-US\"}]}<\/script>\n<!-- \/ Yoast SEO plugin. -->","yoast_head_json":{"title":"The Coral Triangle epicenter of biodiversity | Coral Guardian","description":"The Coral Triangle is the epicenter of our planet's marine biodiversity. But today it is under threat. Find out how to take action.","robots":{"index":"index","follow":"follow","max-snippet":"max-snippet:-1","max-image-preview":"max-image-preview:large","max-video-preview":"max-video-preview:-1"},"canonical":"https:\/\/www.coralguardian.org\/en\/coral-triangle\/","og_locale":"en_US","og_type":"article","og_title":"The Coral Triangle epicenter of biodiversity | Coral Guardian","og_description":"The Coral Triangle is the epicenter of our planet's marine biodiversity. But today it is under threat. Find out how to take action.","og_url":"https:\/\/www.coralguardian.org\/en\/coral-triangle\/","og_site_name":"Coral Guardian","article_modified_time":"2024-12-18T20:53:56+00:00","og_image":[{"width":305,"height":261,"url":"https:\/\/www.coralguardian.org\/app\/uploads\/2020\/07\/infographic_coral_triangle_swp_strategic_planning3.jpg","type":"image\/jpeg"}],"twitter_card":"summary_large_image","twitter_misc":{"Est. reading time":"1 minute"},"schema":{"@context":"https:\/\/schema.org","@graph":[{"@type":"WebPage","@id":"https:\/\/www.coralguardian.org\/en\/coral-triangle\/","url":"https:\/\/www.coralguardian.org\/en\/coral-triangle\/","name":"The Coral Triangle epicenter of biodiversity | Coral Guardian","isPartOf":{"@id":"https:\/\/www.coralguardian.org\/#website"},"datePublished":"2020-07-28T17:06:22+00:00","dateModified":"2024-12-18T20:53:56+00:00","description":"The Coral Triangle is the epicenter of our planet's marine biodiversity. But today it is under threat. Find out how to take action.","inLanguage":"en-US","potentialAction":[{"@type":"ReadAction","target":["https:\/\/www.coralguardian.org\/en\/coral-triangle\/"]}]},{"@type":"WebSite","@id":"https:\/\/www.coralguardian.org\/#website","url":"https:\/\/www.coralguardian.org\/","name":"Coral Guardian","description":"Pr\u00e9server les \u00e9cosyst\u00e8mes coralliens et les communaut\u00e9s qui en d\u00e9pendent.","potentialAction":[{"@type":"SearchAction","target":{"@type":"EntryPoint","urlTemplate":"https:\/\/www.coralguardian.org\/?s={search_term_string}"},"query-input":"required name=search_term_string"}],"inLanguage":"en-US"}]}},"_links":{"self":[{"href":"https:\/\/www.coralguardian.org\/en\/wp-json\/wp\/v2\/pages\/23021"}],"collection":[{"href":"https:\/\/www.coralguardian.org\/en\/wp-json\/wp\/v2\/pages"}],"about":[{"href":"https:\/\/www.coralguardian.org\/en\/wp-json\/wp\/v2\/types\/page"}],"author":[{"embeddable":true,"href":"https:\/\/www.coralguardian.org\/en\/wp-json\/wp\/v2\/users\/1"}],"replies":[{"embeddable":true,"href":"https:\/\/www.coralguardian.org\/en\/wp-json\/wp\/v2\/comments?post=23021"}],"version-history":[{"count":5,"href":"https:\/\/www.coralguardian.org\/en\/wp-json\/wp\/v2\/pages\/23021\/revisions"}],"predecessor-version":[{"id":33242,"href":"https:\/\/www.coralguardian.org\/en\/wp-json\/wp\/v2\/pages\/23021\/revisions\/33242"}],"wp:featuredmedia":[{"embeddable":true,"href":"https:\/\/www.coralguardian.org\/en\/wp-json\/wp\/v2\/media\/21188"}],"wp:attachment":[{"href":"https:\/\/www.coralguardian.org\/en\/wp-json\/wp\/v2\/media?parent=23021"}],"curies":[{"name":"wp","href":"https:\/\/api.w.org\/{rel}","templated":true}]}}