{"id":32425,"date":"2020-07-21T18:38:38","date_gmt":"2020-07-21T16:38:38","guid":{"rendered":"https:\/\/www.coralguardian.org\/mentions-legales-et-conditions-generales-dutilisation\/"},"modified":"2024-05-16T10:22:09","modified_gmt":"2024-05-16T08:22:09","slug":"mentions-legales-et-conditions-generales-dutilisation","status":"publish","type":"page","link":"https:\/\/www.coralguardian.org\/en\/mentions-legales-et-conditions-generales-dutilisation\/","title":{"rendered":"Legal information and general terms and conditions of use"},"content":{"rendered":"<div role=\"form\" class=\"wpcf7\" id=\"wpcf7-f22507-p22507-o1\" lang=\"en-US\" dir=\"ltr\"><div><div class=\"wpcf7-form\"><div class=\"fit-the-fullspace\"><div><div class=\"screen-reader-response\"><p role=\"status\" aria-live=\"polite\" aria-atomic=\"true\"><\/p> <ul><\/ul><\/div><form action=\"\/en\/wp-json\/wp\/v2\/pages\/32425#wpcf7-f22507-p22507-o1\" method=\"post\" class=\"wpcf7-form init\" enctype=\"\" autocomplete=\"autocomplete\" novalidate=\"novalidate\" data-status=\"init\" locale=\"en_US\"><div style=\"display: block;\"><input type=\"hidden\" name=\"_wpcf7\" value=\"22507\" \/>\n<input type=\"hidden\" name=\"_wpcf7_version\" value=\"5.8.6\" \/>\n<input type=\"hidden\" name=\"_wpcf7_locale\" value=\"en_US\" \/>\n<input type=\"hidden\" name=\"_wpcf7_unit_tag\" value=\"wpcf7-f22507-p22507-o1\" \/>\n<input type=\"hidden\" name=\"_wpcf7_posted_data_hash\" value=\"\" \/>\n<input type=\"hidden\" name=\"_wpcf7_fit-the-fullspace\" value=\"\" \/>\n<\/div><p><label> Your name<br \/>\n<span class=\"wpcf7-form-control-wrap\" data-name=\"your-name\"><input size=\"40\" class=\"wpcf7-form-control wpcf7-text wpcf7-validates-as-required\" autocomplete=\"name\" aria-required=\"true\" aria-invalid=\"false\" value=\"\" type=\"text\" name=\"your-name\" \/><\/span> <\/label>\n<\/p>\n<p><label> Your email<br \/>\n<span class=\"wpcf7-form-control-wrap\" data-name=\"your-email\"><input size=\"40\" class=\"wpcf7-form-control wpcf7-email wpcf7-validates-as-required wpcf7-text wpcf7-validates-as-email\" autocomplete=\"email\" aria-required=\"true\" aria-invalid=\"false\" value=\"\" type=\"email\" name=\"your-email\" \/><\/span> <\/label>\n<\/p>\n<p><label> Subject<br \/>\n<span class=\"wpcf7-form-control-wrap\" data-name=\"your-subject\"><input size=\"40\" class=\"wpcf7-form-control wpcf7-text wpcf7-validates-as-required\" aria-required=\"true\" aria-invalid=\"false\" value=\"\" type=\"text\" name=\"your-subject\" \/><\/span> <\/label>\n<\/p>\n<p><label> Your message (optional)<br \/>\n<span class=\"wpcf7-form-control-wrap\" data-name=\"your-message\"><textarea cols=\"40\" rows=\"10\" class=\"wpcf7-form-control wpcf7-textarea\" aria-invalid=\"false\" name=\"your-message\"><\/textarea><\/span> <\/label>\n<\/p>\n<p><input class=\"wpcf7-form-control wpcf7-submit has-spinner\" type=\"submit\" value=\"Submit\" \/>\n<\/p><div class=\"wpcf7-response-output\" aria-hidden=\"true\"><\/div><\/form><\/div><\/div><\/div><\/div><\/div>","protected":false},"excerpt":{"rendered":"<p>Your name Your email Subject Your message (optional)<\/p>\n","protected":false},"author":1,"featured_media":0,"parent":0,"menu_order":0,"comment_status":"closed","ping_status":"closed","template":"index.php","meta":{"_acf_changed":false,"footnotes":""},"acf":[],"yoast_head":"<!-- This site is optimized with the Yoast SEO plugin v21.8 - https:\/\/yoast.com\/wordpress\/plugins\/seo\/ -->\n<title>Legal information and general terms and conditions of use - Coral Guardian<\/title>\n<meta name=\"description\" content=\"Mentions l\u00e9gales et conditions g\u00e9n\u00e9rales d\u2019utilisation\" \/>\n<meta name=\"robots\" content=\"noindex, follow\" \/>\n<meta property=\"og:locale\" content=\"en_US\" \/>\n<meta property=\"og:type\" content=\"article\" \/>\n<meta property=\"og:title\" content=\"Legal information and general terms and conditions of use - Coral Guardian\" \/>\n<meta property=\"og:description\" content=\"Mentions l\u00e9gales et conditions g\u00e9n\u00e9rales d\u2019utilisation\" \/>\n<meta property=\"og:url\" content=\"https:\/\/www.coralguardian.org\/en\/mentions-legales-et-conditions-generales-dutilisation\/\" \/>\n<meta property=\"og:site_name\" content=\"Coral Guardian\" \/>\n<meta property=\"article:modified_time\" content=\"2024-05-16T08:22:09+00:00\" \/>\n<meta name=\"twitter:card\" content=\"summary_large_image\" \/>\n<script type=\"application\/ld+json\" class=\"yoast-schema-graph\">{\"@context\":\"https:\/\/schema.org\",\"@graph\":[{\"@type\":\"WebPage\",\"@id\":\"https:\/\/www.coralguardian.org\/en\/mentions-legales-et-conditions-generales-dutilisation\/\",\"url\":\"https:\/\/www.coralguardian.org\/en\/mentions-legales-et-conditions-generales-dutilisation\/\",\"name\":\"Legal information and general terms and conditions of use - Coral Guardian\",\"isPartOf\":{\"@id\":\"https:\/\/www.coralguardian.org\/#website\"},\"datePublished\":\"2020-07-21T16:38:38+00:00\",\"dateModified\":\"2024-05-16T08:22:09+00:00\",\"description\":\"Mentions l\u00e9gales et conditions g\u00e9n\u00e9rales d\u2019utilisation\",\"inLanguage\":\"en-US\",\"potentialAction\":[{\"@type\":\"ReadAction\",\"target\":[\"https:\/\/www.coralguardian.org\/en\/mentions-legales-et-conditions-generales-dutilisation\/\"]}]},{\"@type\":\"WebSite\",\"@id\":\"https:\/\/www.coralguardian.org\/#website\",\"url\":\"https:\/\/www.coralguardian.org\/\",\"name\":\"Coral Guardian\",\"description\":\"Pr\u00e9server les \u00e9cosyst\u00e8mes coralliens et les communaut\u00e9s qui en d\u00e9pendent.\",\"potentialAction\":[{\"@type\":\"SearchAction\",\"target\":{\"@type\":\"EntryPoint\",\"urlTemplate\":\"https:\/\/www.coralguardian.org\/?s={search_term_string}\"},\"query-input\":\"required name=search_term_string\"}],\"inLanguage\":\"en-US\"}]}<\/script>\n<!-- \/ Yoast SEO plugin. -->","yoast_head_json":{"title":"Legal information and general terms and conditions of use - Coral Guardian","description":"Mentions l\u00e9gales et conditions g\u00e9n\u00e9rales d\u2019utilisation","robots":{"index":"noindex","follow":"follow"},"og_locale":"en_US","og_type":"article","og_title":"Legal information and general terms and conditions of use - Coral Guardian","og_description":"Mentions l\u00e9gales et conditions g\u00e9n\u00e9rales d\u2019utilisation","og_url":"https:\/\/www.coralguardian.org\/en\/mentions-legales-et-conditions-generales-dutilisation\/","og_site_name":"Coral Guardian","article_modified_time":"2024-05-16T08:22:09+00:00","twitter_card":"summary_large_image","schema":{"@context":"https:\/\/schema.org","@graph":[{"@type":"WebPage","@id":"https:\/\/www.coralguardian.org\/en\/mentions-legales-et-conditions-generales-dutilisation\/","url":"https:\/\/www.coralguardian.org\/en\/mentions-legales-et-conditions-generales-dutilisation\/","name":"Legal information and general terms and conditions of use - Coral Guardian","isPartOf":{"@id":"https:\/\/www.coralguardian.org\/#website"},"datePublished":"2020-07-21T16:38:38+00:00","dateModified":"2024-05-16T08:22:09+00:00","description":"Mentions l\u00e9gales et conditions g\u00e9n\u00e9rales d\u2019utilisation","inLanguage":"en-US","potentialAction":[{"@type":"ReadAction","target":["https:\/\/www.coralguardian.org\/en\/mentions-legales-et-conditions-generales-dutilisation\/"]}]},{"@type":"WebSite","@id":"https:\/\/www.coralguardian.org\/#website","url":"https:\/\/www.coralguardian.org\/","name":"Coral Guardian","description":"Pr\u00e9server les \u00e9cosyst\u00e8mes coralliens et les communaut\u00e9s qui en d\u00e9pendent.","potentialAction":[{"@type":"SearchAction","target":{"@type":"EntryPoint","urlTemplate":"https:\/\/www.coralguardian.org\/?s={search_term_string}"},"query-input":"required name=search_term_string"}],"inLanguage":"en-US"}]}},"_links":{"self":[{"href":"https:\/\/www.coralguardian.org\/en\/wp-json\/wp\/v2\/pages\/32425"}],"collection":[{"href":"https:\/\/www.coralguardian.org\/en\/wp-json\/wp\/v2\/pages"}],"about":[{"href":"https:\/\/www.coralguardian.org\/en\/wp-json\/wp\/v2\/types\/page"}],"author":[{"embeddable":true,"href":"https:\/\/www.coralguardian.org\/en\/wp-json\/wp\/v2\/users\/1"}],"replies":[{"embeddable":true,"href":"https:\/\/www.coralguardian.org\/en\/wp-json\/wp\/v2\/comments?post=32425"}],"version-history":[{"count":4,"href":"https:\/\/www.coralguardian.org\/en\/wp-json\/wp\/v2\/pages\/32425\/revisions"}],"predecessor-version":[{"id":32744,"href":"https:\/\/www.coralguardian.org\/en\/wp-json\/wp\/v2\/pages\/32425\/revisions\/32744"}],"wp:attachment":[{"href":"https:\/\/www.coralguardian.org\/en\/wp-json\/wp\/v2\/media?parent=32425"}],"curies":[{"name":"wp","href":"https:\/\/api.w.org\/{rel}","templated":true}]}}