{"id":32656,"date":"2024-01-30T10:43:37","date_gmt":"2024-01-30T09:43:37","guid":{"rendered":"https:\/\/www.coralguardian.org\/adoptez-un-corail\/"},"modified":"2024-04-10T16:56:50","modified_gmt":"2024-04-10T14:56:50","slug":"adopt-a-coral-lagoon","status":"publish","type":"page","link":"https:\/\/www.coralguardian.org\/en\/adopt-a-coral-lagoon\/","title":{"rendered":"Adopt a coral !"},"content":{"rendered":"","protected":true},"excerpt":{"rendered":"","protected":true},"author":18,"featured_media":0,"parent":0,"menu_order":0,"comment_status":"closed","ping_status":"closed","template":"index.php","meta":{"_acf_changed":false,"footnotes":""},"acf":[],"yoast_head":"<!-- This site is optimized with the Yoast SEO plugin v21.8 - https:\/\/yoast.com\/wordpress\/plugins\/seo\/ -->\n<title>Adopt a coral ! - Coral Guardian<\/title>\n<meta name=\"robots\" content=\"index, follow, max-snippet:-1, max-image-preview:large, max-video-preview:-1\" \/>\n<link rel=\"canonical\" href=\"https:\/\/www.coralguardian.org\/en\/adopt-a-coral-lagoon\/\" \/>\n<meta property=\"og:locale\" content=\"en_US\" \/>\n<meta property=\"og:type\" content=\"article\" \/>\n<meta property=\"og:title\" content=\"Adopt a coral ! - Coral Guardian\" \/>\n<meta property=\"og:description\" content=\"There is no excerpt because this is a protected post.\" \/>\n<meta property=\"og:url\" content=\"https:\/\/www.coralguardian.org\/en\/adopt-a-coral-lagoon\/\" \/>\n<meta property=\"og:site_name\" content=\"Coral Guardian\" \/>\n<meta property=\"article:modified_time\" content=\"2024-04-10T14:56:50+00:00\" \/>\n<meta name=\"twitter:card\" content=\"summary_large_image\" \/>\n<meta name=\"twitter:label1\" content=\"Est. reading time\" \/>\n\t<meta name=\"twitter:data1\" content=\"1 minute\" \/>\n<script type=\"application\/ld+json\" class=\"yoast-schema-graph\">{\"@context\":\"https:\/\/schema.org\",\"@graph\":[{\"@type\":\"WebPage\",\"@id\":\"https:\/\/www.coralguardian.org\/en\/adopt-a-coral-lagoon\/\",\"url\":\"https:\/\/www.coralguardian.org\/en\/adopt-a-coral-lagoon\/\",\"name\":\"Adopt a coral ! - Coral Guardian\",\"isPartOf\":{\"@id\":\"https:\/\/www.coralguardian.org\/#website\"},\"datePublished\":\"2024-01-30T09:43:37+00:00\",\"dateModified\":\"2024-04-10T14:56:50+00:00\",\"breadcrumb\":{\"@id\":\"https:\/\/www.coralguardian.org\/en\/adopt-a-coral-lagoon\/#breadcrumb\"},\"inLanguage\":\"en-US\"},{\"@type\":\"WebSite\",\"@id\":\"https:\/\/www.coralguardian.org\/#website\",\"url\":\"https:\/\/www.coralguardian.org\/\",\"name\":\"Coral Guardian\",\"description\":\"Pr\u00e9server les \u00e9cosyst\u00e8mes coralliens et les communaut\u00e9s qui en d\u00e9pendent.\",\"potentialAction\":[{\"@type\":\"SearchAction\",\"target\":{\"@type\":\"EntryPoint\",\"urlTemplate\":\"https:\/\/www.coralguardian.org\/?s={search_term_string}\"},\"query-input\":\"required name=search_term_string\"}],\"inLanguage\":\"en-US\"}]}<\/script>\n<!-- \/ Yoast SEO plugin. -->","yoast_head_json":{"title":"Adopt a coral ! - Coral Guardian","robots":{"index":"index","follow":"follow","max-snippet":"max-snippet:-1","max-image-preview":"max-image-preview:large","max-video-preview":"max-video-preview:-1"},"canonical":"https:\/\/www.coralguardian.org\/en\/adopt-a-coral-lagoon\/","og_locale":"en_US","og_type":"article","og_title":"Adopt a coral ! - Coral Guardian","og_description":"There is no excerpt because this is a protected post.","og_url":"https:\/\/www.coralguardian.org\/en\/adopt-a-coral-lagoon\/","og_site_name":"Coral Guardian","article_modified_time":"2024-04-10T14:56:50+00:00","twitter_card":"summary_large_image","twitter_misc":{"Est. reading time":"1 minute"},"schema":{"@context":"https:\/\/schema.org","@graph":[{"@type":"WebPage","@id":"https:\/\/www.coralguardian.org\/en\/adopt-a-coral-lagoon\/","url":"https:\/\/www.coralguardian.org\/en\/adopt-a-coral-lagoon\/","name":"Adopt a coral ! - Coral Guardian","isPartOf":{"@id":"https:\/\/www.coralguardian.org\/#website"},"datePublished":"2024-01-30T09:43:37+00:00","dateModified":"2024-04-10T14:56:50+00:00","breadcrumb":{"@id":"https:\/\/www.coralguardian.org\/en\/adopt-a-coral-lagoon\/#breadcrumb"},"inLanguage":"en-US"},{"@type":"WebSite","@id":"https:\/\/www.coralguardian.org\/#website","url":"https:\/\/www.coralguardian.org\/","name":"Coral Guardian","description":"Pr\u00e9server les \u00e9cosyst\u00e8mes coralliens et les communaut\u00e9s qui en d\u00e9pendent.","potentialAction":[{"@type":"SearchAction","target":{"@type":"EntryPoint","urlTemplate":"https:\/\/www.coralguardian.org\/?s={search_term_string}"},"query-input":"required name=search_term_string"}],"inLanguage":"en-US"}]}},"_links":{"self":[{"href":"https:\/\/www.coralguardian.org\/en\/wp-json\/wp\/v2\/pages\/32656"}],"collection":[{"href":"https:\/\/www.coralguardian.org\/en\/wp-json\/wp\/v2\/pages"}],"about":[{"href":"https:\/\/www.coralguardian.org\/en\/wp-json\/wp\/v2\/types\/page"}],"author":[{"embeddable":true,"href":"https:\/\/www.coralguardian.org\/en\/wp-json\/wp\/v2\/users\/18"}],"replies":[{"embeddable":true,"href":"https:\/\/www.coralguardian.org\/en\/wp-json\/wp\/v2\/comments?post=32656"}],"version-history":[{"count":5,"href":"https:\/\/www.coralguardian.org\/en\/wp-json\/wp\/v2\/pages\/32656\/revisions"}],"predecessor-version":[{"id":32684,"href":"https:\/\/www.coralguardian.org\/en\/wp-json\/wp\/v2\/pages\/32656\/revisions\/32684"}],"wp:attachment":[{"href":"https:\/\/www.coralguardian.org\/en\/wp-json\/wp\/v2\/media?parent=32656"}],"curies":[{"name":"wp","href":"https:\/\/api.w.org\/{rel}","templated":true}]}}